{"id":1885,"date":"2019-06-10T04:08:43","date_gmt":"2019-06-10T04:08:43","guid":{"rendered":"http:\/\/source.wpopal.com\/konstruktic\/?page_id=1885"},"modified":"2021-01-12T17:16:42","modified_gmt":"2021-01-12T21:16:42","slug":"about-us","status":"publish","type":"page","link":"https:\/\/insulationpr.com\/en\/about-us\/","title":{"rendered":"About us"},"content":{"rendered":"\t\t<div data-elementor-type=\"wp-post\" data-elementor-id=\"1885\" class=\"elementor elementor-1885\">\n\t\t\t\t\t\t<section class=\"elementor-section elementor-top-section elementor-element elementor-element-963a305 elementor-section-boxed elementor-section-height-default elementor-section-height-default\" data-id=\"963a305\" data-element_type=\"section\" data-e-type=\"section\" data-settings=\"{&quot;background_background&quot;:&quot;classic&quot;}\">\n\t\t\t\t\t\t<div class=\"elementor-container elementor-column-gap-no\">\n\t\t\t\t\t<div class=\"elementor-column elementor-col-50 elementor-top-column elementor-element elementor-element-4d89427 opal-box-clip\" data-id=\"4d89427\" data-element_type=\"column\" data-e-type=\"column\" data-settings=\"{&quot;background_background&quot;:&quot;classic&quot;}\">\n\t\t\t<div class=\"elementor-widget-wrap elementor-element-populated\">\n\t\t\t\t\t\t<div class=\"elementor-element elementor-element-a3abc6f animated-fast elementor-mobile-align-center elementor-invisible elementor-widget elementor-widget-heading\" data-id=\"a3abc6f\" data-element_type=\"widget\" data-e-type=\"widget\" data-settings=\"{&quot;_animation&quot;:&quot;opal-move-up&quot;}\" data-widget_type=\"heading.default\">\n\t\t\t\t<div class=\"elementor-widget-container\">\n\t\t\t\t\t<span class=\"sub-title\">Over 35 years of experience<\/span><h2 class=\"elementor-heading-title elementor-size-default\">Committed to quality<br>\nwork since 1984<\/h2>\t\t\t\t<\/div>\n\t\t\t\t<\/div>\n\t\t\t\t<div class=\"elementor-element elementor-element-7d36d32 animated-fast elementor-invisible elementor-widget elementor-widget-text-editor\" data-id=\"7d36d32\" data-element_type=\"widget\" data-e-type=\"widget\" data-settings=\"{&quot;_animation&quot;:&quot;opal-move-up&quot;}\" data-widget_type=\"text-editor.default\">\n\t\t\t\t<div class=\"elementor-widget-container\">\n\t\t\t\t\t        <div class=\"elementor-text-editor elementor-clearfix\"><p>Insulation Specialties Contracting, Corp. is one of the main specialty contractors in Puerto Rico that specializes in <span class=\"elementor-icon-list-text\">mechanical &amp; thermal insulation, f<\/span><span class=\"elementor-icon-list-text\">ireproofing, f<\/span><span class=\"elementor-icon-list-text\">ire-stopping, i<\/span><span class=\"elementor-icon-list-text\">ndustrial coatings and s<\/span><span class=\"elementor-icon-list-text\">pray-on insulation.<\/span><\/p>\n<p>Our excellent relationship with pharmaceutical plants, general contractors, mechanical contractors and construction management firms has given us the opportunity to be part of the biggest construction projects in and outside the country.<\/p>\n<p>For over 35 years we&#8217;ve been servicing Puerto Rico, US Virgin Islands (USVI) and British Virgin Islands (BVI). The combined experience of our principal officers: Victor Lezcano, Daniel Card\u00e9 and Javier Caqu\u00edas Vel\u00e1zquez, enable us to work on any size of job no matter the complexity.<\/p><\/div>\n        \t\t\t\t<\/div>\n\t\t\t\t<\/div>\n\t\t\t\t<section class=\"elementor-section elementor-inner-section elementor-element elementor-element-1390e78 elementor-section-boxed elementor-section-height-default elementor-section-height-default elementor-invisible\" data-id=\"1390e78\" data-element_type=\"section\" data-e-type=\"section\" data-settings=\"{&quot;animation&quot;:&quot;fadeIn&quot;}\">\n\t\t\t\t\t\t<div class=\"elementor-container elementor-column-gap-no\">\n\t\t\t\t\t<div class=\"elementor-column elementor-col-50 elementor-inner-column elementor-element elementor-element-bb2f7b6 elementor-hidden-tablet elementor-hidden-phone\" data-id=\"bb2f7b6\" data-element_type=\"column\" data-e-type=\"column\">\n\t\t\t<div class=\"elementor-widget-wrap\">\n\t\t\t\t\t\t\t<\/div>\n\t\t<\/div>\n\t\t\t\t<div class=\"elementor-column elementor-col-50 elementor-inner-column elementor-element elementor-element-744addb\" data-id=\"744addb\" data-element_type=\"column\" data-e-type=\"column\">\n\t\t\t<div class=\"elementor-widget-wrap elementor-element-populated\">\n\t\t\t\t\t\t<div class=\"elementor-element elementor-element-a914c1a animated-fast elementor-invisible elementor-widget elementor-widget-image\" data-id=\"a914c1a\" data-element_type=\"widget\" data-e-type=\"widget\" data-settings=\"{&quot;_animation&quot;:&quot;fadeIn&quot;,&quot;_animation_delay&quot;:150}\" data-widget_type=\"image.default\">\n\t\t\t\t<div class=\"elementor-widget-container\">\n\t\t\t\t\t\t\t\t\t\t\t\t\t\t\t<img fetchpriority=\"high\" decoding=\"async\" width=\"1200\" height=\"161\" src=\"https:\/\/insulationpr.com\/en\/wp-content\/uploads\/2020\/11\/islogo-gray.png\" class=\"attachment-full size-full wp-image-5166\" alt=\"\" srcset=\"https:\/\/insulationpr.com\/en\/wp-content\/uploads\/2020\/11\/islogo-gray.png 1200w, https:\/\/insulationpr.com\/en\/wp-content\/uploads\/2020\/11\/islogo-gray-300x40.png 300w, https:\/\/insulationpr.com\/en\/wp-content\/uploads\/2020\/11\/islogo-gray-1024x137.png 1024w, https:\/\/insulationpr.com\/en\/wp-content\/uploads\/2020\/11\/islogo-gray-768x103.png 768w, https:\/\/insulationpr.com\/en\/wp-content\/uploads\/2020\/11\/islogo-gray-700x94.png 700w\" sizes=\"(max-width: 1200px) 100vw, 1200px\" \/>\t\t\t\t\t\t\t\t\t\t\t\t\t\t\t<\/div>\n\t\t\t\t<\/div>\n\t\t\t\t\t<\/div>\n\t\t<\/div>\n\t\t\t\t\t<\/div>\n\t\t<\/section>\n\t\t\t\t\t<\/div>\n\t\t<\/div>\n\t\t\t\t<div class=\"elementor-column elementor-col-50 elementor-top-column elementor-element elementor-element-8912ecd col-animated animated-fast elementor-invisible\" data-id=\"8912ecd\" data-element_type=\"column\" data-e-type=\"column\" data-settings=\"{&quot;animation&quot;:&quot;opal-move-up&quot;,&quot;animation_delay&quot;:400,&quot;background_background&quot;:&quot;classic&quot;}\">\n\t\t\t<div class=\"elementor-widget-wrap\">\n\t\t\t\t\t\t\t<\/div>\n\t\t<\/div>\n\t\t\t\t\t<\/div>\n\t\t<\/section>\n\t\t\t\t<section class=\"elementor-section elementor-top-section elementor-element elementor-element-fcc018b elementor-section-content-middle elementor-section-boxed elementor-section-height-default elementor-section-height-default\" data-id=\"fcc018b\" data-element_type=\"section\" data-e-type=\"section\">\n\t\t\t\t\t\t<div class=\"elementor-container elementor-column-gap-no\">\n\t\t\t\t\t<div class=\"elementor-column elementor-col-50 elementor-top-column elementor-element elementor-element-860e6dc\" data-id=\"860e6dc\" data-element_type=\"column\" data-e-type=\"column\">\n\t\t\t<div class=\"elementor-widget-wrap elementor-element-populated\">\n\t\t\t\t\t\t<div class=\"elementor-element elementor-element-dd5ab5b elementor-mobile-align-center animated-fast elementor-invisible elementor-widget elementor-widget-heading\" data-id=\"dd5ab5b\" data-element_type=\"widget\" data-e-type=\"widget\" data-settings=\"{&quot;_animation&quot;:&quot;opal-move-up&quot;}\" data-widget_type=\"heading.default\">\n\t\t\t\t<div class=\"elementor-widget-container\">\n\t\t\t\t\t<span class=\"sub-title\">Complying with EPA & OSHA Standards<\/span><h2 class=\"elementor-heading-title elementor-size-default\">Always committed<br>\nto safety.<\/h2>\t\t\t\t<\/div>\n\t\t\t\t<\/div>\n\t\t\t\t\t<\/div>\n\t\t<\/div>\n\t\t\t\t<div class=\"elementor-column elementor-col-50 elementor-top-column elementor-element elementor-element-081fb3f\" data-id=\"081fb3f\" data-element_type=\"column\" data-e-type=\"column\">\n\t\t\t<div class=\"elementor-widget-wrap elementor-element-populated\">\n\t\t\t\t\t\t<div class=\"elementor-element elementor-element-8ee3d8b animated-fast elementor-invisible elementor-widget elementor-widget-text-editor\" data-id=\"8ee3d8b\" data-element_type=\"widget\" data-e-type=\"widget\" data-settings=\"{&quot;_animation&quot;:&quot;opal-move-up&quot;}\" data-widget_type=\"text-editor.default\">\n\t\t\t\t<div class=\"elementor-widget-container\">\n\t\t\t\t\t        <div class=\"elementor-text-editor elementor-clearfix\"><p>We have our own in-house environmental, safety and health division to always comply and meet with OSHA standards and regulations. <\/p><\/div>\n        \t\t\t\t<\/div>\n\t\t\t\t<\/div>\n\t\t\t\t\t<\/div>\n\t\t<\/div>\n\t\t\t\t\t<\/div>\n\t\t<\/section>\n\t\t\t\t<section class=\"elementor-section elementor-top-section elementor-element elementor-element-600bbce elementor-section-boxed elementor-section-height-default elementor-section-height-default\" data-id=\"600bbce\" data-element_type=\"section\" data-e-type=\"section\">\n\t\t\t\t\t\t<div class=\"elementor-container elementor-column-gap-no\">\n\t\t\t\t\t<div class=\"elementor-column elementor-col-50 elementor-top-column elementor-element elementor-element-9f69799 animated-fast elementor-invisible\" data-id=\"9f69799\" data-element_type=\"column\" data-e-type=\"column\" data-settings=\"{&quot;background_background&quot;:&quot;classic&quot;,&quot;animation&quot;:&quot;opal-move-up&quot;,&quot;animation_delay&quot;:0}\">\n\t\t\t<div class=\"elementor-widget-wrap elementor-element-populated\">\n\t\t\t\t\t\t<div class=\"elementor-element elementor-element-93a358c elementor-widget__width-auto animated-fast elementor-invisible elementor-widget elementor-widget-heading\" data-id=\"93a358c\" data-element_type=\"widget\" data-e-type=\"widget\" data-settings=\"{&quot;_animation&quot;:&quot;opal-move-up&quot;}\" data-widget_type=\"heading.default\">\n\t\t\t\t<div class=\"elementor-widget-container\">\n\t\t\t\t\t<h2 class=\"elementor-heading-title elementor-size-default\">35<\/h2>\t\t\t\t<\/div>\n\t\t\t\t<\/div>\n\t\t\t\t<div class=\"elementor-element elementor-element-d5c9128 elementor-widget__width-auto animated-fast elementor-invisible elementor-widget elementor-widget-text-editor\" data-id=\"d5c9128\" data-element_type=\"widget\" data-e-type=\"widget\" data-settings=\"{&quot;_animation&quot;:&quot;opal-move-up&quot;}\" data-widget_type=\"text-editor.default\">\n\t\t\t\t<div class=\"elementor-widget-container\">\n\t\t\t\t\t        <div class=\"elementor-text-editor elementor-clearfix\"><p>years<\/p><\/div>\n        \t\t\t\t<\/div>\n\t\t\t\t<\/div>\n\t\t\t\t<div class=\"elementor-element elementor-element-2cc1c54 animated-fast elementor-tablet-align-center elementor-invisible elementor-widget elementor-widget-heading\" data-id=\"2cc1c54\" data-element_type=\"widget\" data-e-type=\"widget\" data-settings=\"{&quot;_animation&quot;:&quot;opal-move-up&quot;,&quot;_animation_delay&quot;:200}\" data-widget_type=\"heading.default\">\n\t\t\t\t<div class=\"elementor-widget-container\">\n\t\t\t\t\t<h2 class=\"elementor-heading-title elementor-size-default\">Leading the way<br>\nin insulation, fireproofing and<br>\nindustrial coatings.<\/h2>\t\t\t\t<\/div>\n\t\t\t\t<\/div>\n\t\t\t\t\t<\/div>\n\t\t<\/div>\n\t\t\t\t<div class=\"elementor-column elementor-col-50 elementor-top-column elementor-element elementor-element-bc7b59b animated-fast elementor-invisible\" data-id=\"bc7b59b\" data-element_type=\"column\" data-e-type=\"column\" data-settings=\"{&quot;background_background&quot;:&quot;classic&quot;,&quot;animation&quot;:&quot;opal-move-up&quot;,&quot;animation_delay&quot;:300}\">\n\t\t\t<div class=\"elementor-widget-wrap elementor-element-populated\">\n\t\t\t\t\t\t<div class=\"elementor-element elementor-element-fdd4b43 elementor-cta--valign-middle elementor-cta--skin-classic elementor-animated-content elementor-bg-transform elementor-bg-transform-zoom-in elementor-widget elementor-widget-call-to-action\" data-id=\"fdd4b43\" data-element_type=\"widget\" data-e-type=\"widget\" data-widget_type=\"call-to-action.default\">\n\t\t\t\t<div class=\"elementor-widget-container\">\n\t\t\t\t\t\t\t<div class=\"elementor-cta\">\n\t\t\t\t\t\t\t<div class=\"elementor-cta__content\">\n\t\t\t\t\t\t\t\t\t<div class=\"elementor-content-item elementor-cta__content-item elementor-cta__image\">\n\t\t\t\t\t\t<img decoding=\"async\" width=\"2048\" height=\"590\" src=\"https:\/\/insulationpr.com\/en\/wp-content\/uploads\/2020\/10\/osha-logo.png\" class=\"attachment-full size-full wp-image-4159\" alt=\"\" srcset=\"https:\/\/insulationpr.com\/en\/wp-content\/uploads\/2020\/10\/osha-logo.png 2048w, https:\/\/insulationpr.com\/en\/wp-content\/uploads\/2020\/10\/osha-logo-300x86.png 300w, https:\/\/insulationpr.com\/en\/wp-content\/uploads\/2020\/10\/osha-logo-1024x295.png 1024w, https:\/\/insulationpr.com\/en\/wp-content\/uploads\/2020\/10\/osha-logo-768x221.png 768w, https:\/\/insulationpr.com\/en\/wp-content\/uploads\/2020\/10\/osha-logo-1536x442.png 1536w, https:\/\/insulationpr.com\/en\/wp-content\/uploads\/2020\/10\/osha-logo-700x202.png 700w\" sizes=\"(max-width: 2048px) 100vw, 2048px\" \/>\t\t\t\t\t<\/div>\n\t\t\t\t\n\t\t\t\t<h2 class=\"elementor-cta__title elementor-cta__content-item elementor-content-item\">Compliant<\/h2>\n\t\t\t\t\t\t\t\t\t<div class=\"elementor-cta__description elementor-cta__content-item elementor-content-item\">\n\t\t\t\t\t\tAll of our personnel is trained on safety equipment, requirements, Fall Protection and Hazard Communications.\t\t\t\t\t<\/div>\n\t\t\t\t\n\t\t\t\t\t\t\t<\/div>\n\t\t\t\t\t\t<\/div>\n\t\t\t\t\t\t<\/div>\n\t\t\t\t<\/div>\n\t\t\t\t\t<\/div>\n\t\t<\/div>\n\t\t\t\t\t<\/div>\n\t\t<\/section>\n\t\t\t\t<\/div>\n\t\t","protected":false},"excerpt":{"rendered":"<p>Over 35 years of experience Committed to quality work since 1984 Insulation Specialties Contracting, Corp. is one of the main specialty contractors in Puerto Rico that specializes in mechanical &amp; thermal insulation, fireproofing, fire-stopping, industrial coatings and spray-on insulation. Our excellent relationship with pharmaceutical plants, general contractors, mechanical contractors and construction management firms has given &hellip; <\/p>\n<p class=\"link-more\"><a href=\"https:\/\/insulationpr.com\/en\/about-us\/\" class=\"more-link\">Read More <i class=\"opal-icon-long-arrow-right\"><\/i><span class=\"screen-reader-text\"> &#8220;About us&#8221;<\/span><\/a><\/p>\n","protected":false},"author":1,"featured_media":0,"parent":0,"menu_order":0,"comment_status":"closed","ping_status":"closed","template":"page-elementor.php","meta":{"inline_featured_image":false,"footnotes":""},"class_list":["post-1885","page","type-page","status-publish","hentry"],"_links":{"self":[{"href":"https:\/\/insulationpr.com\/en\/wp-json\/wp\/v2\/pages\/1885","targetHints":{"allow":["GET"]}}],"collection":[{"href":"https:\/\/insulationpr.com\/en\/wp-json\/wp\/v2\/pages"}],"about":[{"href":"https:\/\/insulationpr.com\/en\/wp-json\/wp\/v2\/types\/page"}],"author":[{"embeddable":true,"href":"https:\/\/insulationpr.com\/en\/wp-json\/wp\/v2\/users\/1"}],"replies":[{"embeddable":true,"href":"https:\/\/insulationpr.com\/en\/wp-json\/wp\/v2\/comments?post=1885"}],"version-history":[{"count":0,"href":"https:\/\/insulationpr.com\/en\/wp-json\/wp\/v2\/pages\/1885\/revisions"}],"wp:attachment":[{"href":"https:\/\/insulationpr.com\/en\/wp-json\/wp\/v2\/media?parent=1885"}],"curies":[{"name":"wp","href":"https:\/\/api.w.org\/{rel}","templated":true}]}}